{"id":33,"date":"2025-03-28T15:46:53","date_gmt":"2025-03-28T14:46:53","guid":{"rendered":"https:\/\/seminarium-kitzbuehel.com\/?page_id=33"},"modified":"2025-09-15T10:32:48","modified_gmt":"2025-09-15T08:32:48","slug":"plaene","status":"publish","type":"page","link":"https:\/\/seminarium-kitzbuehel.com\/en\/plaene\/","title":{"rendered":"Plans &amp; floor plans"},"content":{"rendered":"<h3 class=\"wp-block-heading\">Detailed plans of the Seminarhaus-F5 in Fieberbrunn<\/h3>\n\n\n\n<p>Here you will find floor plans, floor plans and technical drawings for your investment property or commercial property in Tyrol - to help you make a decision before buying a property.<\/p>\n\n\n\n<div style=\"height:40px\" aria-hidden=\"true\" class=\"wp-block-spacer\"><\/div>\n\n\n<figure id=\"happyfiles-gallery-v9758s\" class=\"happyfiles-gallery lightbox\"><ul class=\"no-crop\" data-col=\"3\"><li class=\"item\" data-src=\"https:\/\/seminarium-kitzbuehel.com\/wp-content\/uploads\/2025\/03\/01-1.jpg\"><figure><img loading=\"lazy\" decoding=\"async\" width=\"300\" height=\"176\" src=\"https:\/\/seminarium-kitzbuehel.com\/wp-content\/uploads\/2025\/03\/01-1-300x176.jpg\" class=\"attachment-medium size-medium\" alt=\"Alle Ansichten des Investitionsobjekts in Fieberbrunn\" srcset=\"https:\/\/seminarium-kitzbuehel.com\/wp-content\/uploads\/2025\/03\/01-1-300x176.jpg 300w, https:\/\/seminarium-kitzbuehel.com\/wp-content\/uploads\/2025\/03\/01-1-1024x600.jpg 1024w, https:\/\/seminarium-kitzbuehel.com\/wp-content\/uploads\/2025\/03\/01-1-768x450.jpg 768w, https:\/\/seminarium-kitzbuehel.com\/wp-content\/uploads\/2025\/03\/01-1-1536x901.jpg 1536w, https:\/\/seminarium-kitzbuehel.com\/wp-content\/uploads\/2025\/03\/01-1.jpg 1697w\" sizes=\"auto, (max-width: 300px) 100vw, 300px\" \/><\/figure><\/li><li class=\"item\" data-src=\"https:\/\/seminarium-kitzbuehel.com\/wp-content\/uploads\/2025\/03\/02-1.jpg\"><figure><img loading=\"lazy\" decoding=\"async\" width=\"300\" height=\"211\" src=\"https:\/\/seminarium-kitzbuehel.com\/wp-content\/uploads\/2025\/03\/02-1-300x211.jpg\" class=\"attachment-medium size-medium\" alt=\"Lageplan Grundriss des Investitionsobjekts in Fieberbrunn\" srcset=\"https:\/\/seminarium-kitzbuehel.com\/wp-content\/uploads\/2025\/03\/02-1-300x211.jpg 300w, https:\/\/seminarium-kitzbuehel.com\/wp-content\/uploads\/2025\/03\/02-1-768x540.jpg 768w, https:\/\/seminarium-kitzbuehel.com\/wp-content\/uploads\/2025\/03\/02-1.jpg 895w\" sizes=\"auto, (max-width: 300px) 100vw, 300px\" \/><\/figure><\/li><li class=\"item\" data-src=\"https:\/\/seminarium-kitzbuehel.com\/wp-content\/uploads\/2025\/03\/03.png\"><figure><img loading=\"lazy\" decoding=\"async\" width=\"300\" height=\"294\" src=\"https:\/\/seminarium-kitzbuehel.com\/wp-content\/uploads\/2025\/03\/03-300x294.png\" class=\"attachment-medium size-medium\" alt=\"Erdgeschoss Grundriss des Investitionsobjekts in Tirol\" srcset=\"https:\/\/seminarium-kitzbuehel.com\/wp-content\/uploads\/2025\/03\/03-300x294.png 300w, https:\/\/seminarium-kitzbuehel.com\/wp-content\/uploads\/2025\/03\/03-1024x1002.png 1024w, https:\/\/seminarium-kitzbuehel.com\/wp-content\/uploads\/2025\/03\/03-768x752.png 768w, https:\/\/seminarium-kitzbuehel.com\/wp-content\/uploads\/2025\/03\/03-1536x1503.png 1536w, https:\/\/seminarium-kitzbuehel.com\/wp-content\/uploads\/2025\/03\/03.png 1547w\" sizes=\"auto, (max-width: 300px) 100vw, 300px\" \/><\/figure><\/li><li class=\"item\" data-src=\"https:\/\/seminarium-kitzbuehel.com\/wp-content\/uploads\/2025\/03\/04.png\"><figure><img loading=\"lazy\" decoding=\"async\" width=\"234\" height=\"300\" src=\"https:\/\/seminarium-kitzbuehel.com\/wp-content\/uploads\/2025\/03\/04-234x300.png\" class=\"attachment-medium size-medium\" alt=\"Obergeschoss 1 Grundriss des Investitionsobjekts in Tirol\" srcset=\"https:\/\/seminarium-kitzbuehel.com\/wp-content\/uploads\/2025\/03\/04-234x300.png 234w, https:\/\/seminarium-kitzbuehel.com\/wp-content\/uploads\/2025\/03\/04-799x1024.png 799w, https:\/\/seminarium-kitzbuehel.com\/wp-content\/uploads\/2025\/03\/04-768x984.png 768w, https:\/\/seminarium-kitzbuehel.com\/wp-content\/uploads\/2025\/03\/04-1199x1536.png 1199w, https:\/\/seminarium-kitzbuehel.com\/wp-content\/uploads\/2025\/03\/04.png 1314w\" sizes=\"auto, (max-width: 234px) 100vw, 234px\" \/><\/figure><\/li><li class=\"item\" data-src=\"https:\/\/seminarium-kitzbuehel.com\/wp-content\/uploads\/2025\/03\/05.png\"><figure><img loading=\"lazy\" decoding=\"async\" width=\"208\" height=\"300\" src=\"https:\/\/seminarium-kitzbuehel.com\/wp-content\/uploads\/2025\/03\/05-208x300.png\" class=\"attachment-medium size-medium\" alt=\"Obergeschoss 2 Grundriss des Investitionsobjekts in Tirol\" srcset=\"https:\/\/seminarium-kitzbuehel.com\/wp-content\/uploads\/2025\/03\/05-208x300.png 208w, https:\/\/seminarium-kitzbuehel.com\/wp-content\/uploads\/2025\/03\/05-710x1024.png 710w, https:\/\/seminarium-kitzbuehel.com\/wp-content\/uploads\/2025\/03\/05-768x1108.png 768w, https:\/\/seminarium-kitzbuehel.com\/wp-content\/uploads\/2025\/03\/05-1065x1536.png 1065w, https:\/\/seminarium-kitzbuehel.com\/wp-content\/uploads\/2025\/03\/05.png 1216w\" sizes=\"auto, (max-width: 208px) 100vw, 208px\" \/><\/figure><\/li><li class=\"item\" data-src=\"https:\/\/seminarium-kitzbuehel.com\/wp-content\/uploads\/2025\/03\/06.png\"><figure><img loading=\"lazy\" decoding=\"async\" width=\"204\" height=\"300\" src=\"https:\/\/seminarium-kitzbuehel.com\/wp-content\/uploads\/2025\/03\/06-204x300.png\" class=\"attachment-medium size-medium\" alt=\"Dachgeschoss Grundriss des Investitionsobjekts in Tirol\" srcset=\"https:\/\/seminarium-kitzbuehel.com\/wp-content\/uploads\/2025\/03\/06-204x300.png 204w, https:\/\/seminarium-kitzbuehel.com\/wp-content\/uploads\/2025\/03\/06-696x1024.png 696w, https:\/\/seminarium-kitzbuehel.com\/wp-content\/uploads\/2025\/03\/06-768x1129.png 768w, https:\/\/seminarium-kitzbuehel.com\/wp-content\/uploads\/2025\/03\/06-1045x1536.png 1045w, https:\/\/seminarium-kitzbuehel.com\/wp-content\/uploads\/2025\/03\/06.png 1108w\" sizes=\"auto, (max-width: 204px) 100vw, 204px\" \/><\/figure><\/li><\/ul><\/figure>\n\n\n<p><\/p>\n\n\n\n<div style=\"height:44px\" aria-hidden=\"true\" class=\"wp-block-spacer\"><\/div>\n\n\n\n<h2 class=\"wp-block-heading\">Area listing \/ Square metre listing<\/h2>\n\n\n\n<div data-wp-interactive=\"core\/file\" class=\"wp-block-file\"><object data-wp-bind--hidden=\"!state.hasPdfPreview\" hidden class=\"wp-block-file__embed\" data=\"https:\/\/seminarium-kitzbuehel.com\/wp-content\/uploads\/2025\/09\/Flaechen.SF5_.detailliert-SquareMeter.Listing.pdf\" type=\"application\/pdf\" style=\"width:100%;height:600px\" aria-label=\"Embed of Details Fl\u00e4chen \/ SquareMeter Listing.\"><\/object><a id=\"wp-block-file--media-aa546625-f211-4b2e-9a79-580fdaef38df\" href=\"https:\/\/seminarium-kitzbuehel.com\/wp-content\/uploads\/2025\/09\/Flaechen.SF5_.detailliert-SquareMeter.Listing.pdf\">Details Fl\u00e4chen \/ SquareMeter Listing<\/a><a href=\"https:\/\/seminarium-kitzbuehel.com\/wp-content\/uploads\/2025\/09\/Flaechen.SF5_.detailliert-SquareMeter.Listing.pdf\" class=\"wp-block-file__button wp-element-button\" download aria-describedby=\"wp-block-file--media-aa546625-f211-4b2e-9a79-580fdaef38df\">Download<\/a><\/div>\n\n\n\n<p><\/p>","protected":false},"excerpt":{"rendered":"<p>Detaillierte Pl\u00e4ne des Seminarhaus-F5 in Fieberbrunn Hier finden Sie Grundrisse, Fl\u00e4chenaufstellungen und technische Zeichnungen f\u00fcr Ihr Investitionsobjekt oder Ihre Gewerbeimmobilie in Tirol &#8211; zur Entscheidungsfindung vor dem Immobilienkauf. Fl\u00e4chenauflistung \/ Square Meter Listing<\/p>","protected":false},"author":1,"featured_media":0,"parent":0,"menu_order":0,"comment_status":"closed","ping_status":"closed","template":"","meta":{"_breakdance_hide_in_design_set":false,"_breakdance_tags":"","footnotes":""},"class_list":["post-33","page","type-page","status-publish","hentry"],"_links":{"self":[{"href":"https:\/\/seminarium-kitzbuehel.com\/en\/wp-json\/wp\/v2\/pages\/33","targetHints":{"allow":["GET"]}}],"collection":[{"href":"https:\/\/seminarium-kitzbuehel.com\/en\/wp-json\/wp\/v2\/pages"}],"about":[{"href":"https:\/\/seminarium-kitzbuehel.com\/en\/wp-json\/wp\/v2\/types\/page"}],"author":[{"embeddable":true,"href":"https:\/\/seminarium-kitzbuehel.com\/en\/wp-json\/wp\/v2\/users\/1"}],"replies":[{"embeddable":true,"href":"https:\/\/seminarium-kitzbuehel.com\/en\/wp-json\/wp\/v2\/comments?post=33"}],"version-history":[{"count":19,"href":"https:\/\/seminarium-kitzbuehel.com\/en\/wp-json\/wp\/v2\/pages\/33\/revisions"}],"predecessor-version":[{"id":480,"href":"https:\/\/seminarium-kitzbuehel.com\/en\/wp-json\/wp\/v2\/pages\/33\/revisions\/480"}],"wp:attachment":[{"href":"https:\/\/seminarium-kitzbuehel.com\/en\/wp-json\/wp\/v2\/media?parent=33"}],"curies":[{"name":"wp","href":"https:\/\/api.w.org\/{rel}","templated":true}]}}